{"id":1049,"date":"2020-04-25T11:31:52","date_gmt":"2020-04-25T11:31:52","guid":{"rendered":"https:\/\/omegle.love\/omegle-web\/"},"modified":"2022-05-23T20:38:21","modified_gmt":"2022-05-23T20:38:21","slug":"omegle-web","status":"publish","type":"page","link":"https:\/\/omegle.love\/pt-br\/omegle-web\/","title":{"rendered":"Omegle-Web"},"content":{"rendered":"\t\t<div data-elementor-type=\"wp-page\" data-elementor-id=\"1049\" class=\"elementor elementor-1049 elementor-10\" data-elementor-post-type=\"page\">\n\t\t\t\t\t\t<section class=\"elementor-section elementor-top-section elementor-element elementor-element-432a9a77 elementor-section-boxed elementor-section-height-default elementor-section-height-default\" data-id=\"432a9a77\" data-element_type=\"section\">\n\t\t\t\t\t\t<div class=\"elementor-container elementor-column-gap-default\">\n\t\t\t\t\t<div class=\"elementor-column elementor-col-100 elementor-top-column elementor-element elementor-element-1f3bf187\" data-id=\"1f3bf187\" data-element_type=\"column\">\n\t\t\t<div class=\"elementor-widget-wrap elementor-element-populated\">\n\t\t\t\t\t\t<div class=\"elementor-element elementor-element-33996560 elementor-widget elementor-widget-text-editor\" data-id=\"33996560\" data-element_type=\"widget\" data-widget_type=\"text-editor.default\">\n\t\t\t\t<div class=\"elementor-widget-container\">\n\t\t\t<style>\/*! elementor - v3.21.0 - 08-05-2024 *\/\n.elementor-widget-text-editor.elementor-drop-cap-view-stacked .elementor-drop-cap{background-color:#69727d;color:#fff}.elementor-widget-text-editor.elementor-drop-cap-view-framed .elementor-drop-cap{color:#69727d;border:3px solid;background-color:transparent}.elementor-widget-text-editor:not(.elementor-drop-cap-view-default) .elementor-drop-cap{margin-top:8px}.elementor-widget-text-editor:not(.elementor-drop-cap-view-default) .elementor-drop-cap-letter{width:1em;height:1em}.elementor-widget-text-editor .elementor-drop-cap{float:left;text-align:center;line-height:1;font-size:50px}.elementor-widget-text-editor .elementor-drop-cap-letter{display:inline-block}<\/style>\t\t\t\t<img fetchpriority=\"high\" decoding=\"async\" class=\"aligncenter\" src=\"https:\/\/i0.wp.com\/azar.pro\/wp-content\/uploads\/2020\/06\/123.jpg?resize=800%2C560&#038;ssl=1\" alt=\"Omegle Azar-Web\" width=\"800\" height=\"560\"  data-recalc-dims=\"1\">\n\n&nbsp;\n<h1 style=\"text-align: center;\">Omegle &#8211; Descubra &amp; Conecte-se a Novas Pessoas<\/h1>\n<p style=\"text-align: center;\">Aplicativo web como Azar Dating<\/p>\n<p style=\"text-align: center;\">\n\n<button href=\"#chat\" type=\"button\" class=\"action-button btn-chat\" action=\"2\">Iniciar bate-papo por v\u00eddeo<\/button>\n<\/p>\nA vida sem bate-papo por v\u00eddeo \u00e9 considerada uma farsa pelo mil\u00eanio. No entanto, com a introdu\u00e7\u00e3o de <span style=\"color: #808080;\">\n  <a style=\"color: #808080;\" href=\"https:\/\/omegle.webcam\/videochat.php\" target=\"_blank\" rel=\"noopener\">chats<\/a>\n<\/span> por sites de bate-papo, o passatempo de in\u00fameras pessoas em todo o mundo gira em torno deles. De um grande n\u00famero de sites de bate-papo on-line, voc\u00ea precisa selecionar um site de bate-papo incr\u00edvel como o Omegle-Web. Neste site de bate-papo, as pessoas acham quase perfeito para suas necessidades de bate-papo e namoro.\n<h2>Aplicativos de bate-papo e seu impacto<\/h2>\nAs intera\u00e7\u00f5es entre os usu\u00e1rios atrav\u00e9s de aplicativos de Chat ganharam imensa popularidade, ainda mais ap\u00f3s a introdu\u00e7\u00e3o de aplicativos m\u00f3veis. As pessoas t\u00eam conversas divertidas com os usu\u00e1rios aleat\u00f3rios globais presentes no site. Al\u00e9m disso, eles s\u00e3o capazes de se conectar para compartilhamento de arquivos, bate-papos de texto, chats de v\u00eddeo e muitas outras raz\u00f5es emocionantes.\n<h2>Caracter\u00edsticas de <a href=\"https:\/\/omegle.love\/pt-br\/\">Omegle<\/a><\/h2>\nO principal site de bate-papo Omegle conecta o mundo com voc\u00ea e oferece pessoas aleat\u00f3rias em sua plataforma para bate-papos. Este site permite que voc\u00ea compartilhe mutuamente sobre si mesmo e aprenda sobre diferentes culturas e pessoas de todo o mundo tamb\u00e9m. Este incr\u00edvel site de bate-papo tem v\u00e1rios recursos que voc\u00ea pode usar e se divertir completamente.\n<ul>\n \t<li>Atrav\u00e9s de chamadas de v\u00eddeo ao vivo, voc\u00ea pode conhecer e conversar com algumas pessoas globais incr\u00edveis.<\/li>\n \t<li>Escolha o pa\u00eds e o g\u00eanero de sua escolha para come\u00e7ar a conversar com eles.<\/li>\n \t<li>Adesivos de reconhecimento facial e efeitos de fantasia adicionam divers\u00e3o ao seu bate-papo.<\/li>\n \t<li>Todos os dias adicione novas pessoas emocionantes \u00e0 sua lista de amigos e fa\u00e7a sua vida ainda mais acontecer.<\/li>\n \t<li>Leve seus velhos amigos no local para enviar e receber chamadas e mensagens.<\/li>\n \t<li>L\u00ednguas estrangeiras n\u00e3o s\u00e3o desafio, pois voc\u00ea pode ter tradu\u00e7\u00f5es de bate-papo ao vivo agora.<\/li>\n<\/ul>\n<h2>Divers\u00e3o com Omegle-Web<\/h2>\nO site de bate-papo facilita que voc\u00ea conhe\u00e7a um novo usu\u00e1rio, toda vez que voc\u00ea rouba algu\u00e9m novo. Todos os usu\u00e1rios do Omegle podem saborear chats de v\u00eddeo e voz gratuitos online mesmo na conex\u00e3o mais lenta da Internet. Se voc\u00ea est\u00e1 procurando por visuais e chamadas de v\u00eddeo ininterruptas, r\u00e1pidas e incr\u00edveis em HD, voc\u00ea est\u00e1 aqui pelas raz\u00f5es certas. Este \u00e9 um dos maiores sites de bate-papo, sem escassez de jovens entusiasmados, em busca de divers\u00e3o. Se voc\u00ea pretende conhecer seu parceiro de bate-papo ou encontro, voc\u00ea est\u00e1 no lugar certo. Este \u00e9 o melhor site para conhecer mulheres, com elas voc\u00ea pode se conectar a qualquer hora porque o mundo nunca dorme. Neste site, voc\u00ea pode ter muitas ferramentas e ideias para tornar seu bate-papo e experi\u00eancia de encontro memor\u00e1vel.\n<ul>\n \t<li>Ideias de quebra-gelo.<\/li>\n \t<li>Voc\u00ea pode se divertir com A\u00e7\u00f5es, Figurinos e Filtros.<\/li>\n \t<li>N\u00e3o \u00e9 um momento embara\u00e7oso para voc\u00ea.<\/li>\n \t<li>Nada dificulta suas intera\u00e7\u00f5es e conversas por v\u00eddeo.<\/li>\n \t<li>Liberdade com tempo, dist\u00e2ncia ou linguagem, pois voc\u00ea pode ter facilidade de tradu\u00e7\u00e3o instant\u00e2nea de voz e texto.<\/li>\n<\/ul>\n<h2>Arquivo de fatos<\/h2>\nVoc\u00ea pode ter acesso \u00e0s pessoas para conversar de 190 pa\u00edses em todo o mundo. O Omegle \u00e9 acess\u00edvel com o Google Play Store em mais de 130 pa\u00edses. Isso se orgulha de fazer mais de 20 bilh\u00f5es de partidas e tornou o bate-papo online um grande neg\u00f3cio para todos. Tamb\u00e9m \u00e9 conhecido por ter mais de 100 milh\u00f5es de downloads em todo o mundo.\n<h2>Iniciar bate-papos no Omegle<\/h2>\nA melhor maneira de usar o Omegle \u00e9 <a href=\"https:\/\/omegle.love\/download-app\/\">baixando<\/a> na Google Play Store ou App Store ou <a href=\"https:\/\/omglz.com\" target=\"_blank\" rel=\"noopener\">Omglz.com<\/a> . Voc\u00ea pode ter uma facilidade de conversa\u00e7\u00e3o de alta qualidade repleta de divers\u00e3o. V\u00e1 at\u00e9 a p\u00e1gina inicial e verifique as op\u00e7\u00f5es que o site pediria, como mulheres ou homens que voc\u00ea preferiria conhecer. Em seguida, o site pediria para habilitar o microfone e a c\u00e2mera para ativar bate-papos de v\u00eddeo no Omegle-Web. Em seguida, voc\u00ea precisa fazer login com o Facebook ou Google para desfrutar de uma experi\u00eancia incr\u00edvel. Quando isso terminasse, eles pediam que voc\u00ea se inscrevesse preenchendo mais algumas consultas como seu g\u00eanero e ano de nascimento. Ent\u00e3o voc\u00ea teria uma mensagem de boas-vindas e voc\u00ea vai junto para um tempo de divers\u00e3o inimagin\u00e1vel. Descubra novas pessoas incr\u00edveis do mundo todo e divirta-se com Omegle.\t\t\t\t\t\t<\/div>\n\t\t\t\t<\/div>\n\t\t\t\t\t<\/div>\n\t\t<\/div>\n\t\t\t\t\t<\/div>\n\t\t<\/section>\n\t\t\t\t<\/div>\n\t\t","protected":false},"excerpt":{"rendered":"<p>&nbsp; Omegle &#8211; Descubra &amp; Conecte-se a Novas Pessoas Aplicativo web como Azar Dating Iniciar bate-papo por v\u00eddeo A vida sem bate-papo por v\u00eddeo \u00e9 considerada uma farsa pelo mil\u00eanio. No entanto, com a introdu\u00e7\u00e3o de chats por sites de bate-papo, o passatempo de in\u00fameras pessoas em todo o mundo gira em torno deles. De [&hellip;]<\/p>\n","protected":false},"author":1,"featured_media":0,"parent":0,"menu_order":0,"comment_status":"closed","ping_status":"closed","template":"","meta":{"footnotes":""},"jetpack_sharing_enabled":true,"_links":{"self":[{"href":"https:\/\/omegle.love\/pt-br\/wp-json\/wp\/v2\/pages\/1049"}],"collection":[{"href":"https:\/\/omegle.love\/pt-br\/wp-json\/wp\/v2\/pages"}],"about":[{"href":"https:\/\/omegle.love\/pt-br\/wp-json\/wp\/v2\/types\/page"}],"author":[{"embeddable":true,"href":"https:\/\/omegle.love\/pt-br\/wp-json\/wp\/v2\/users\/1"}],"replies":[{"embeddable":true,"href":"https:\/\/omegle.love\/pt-br\/wp-json\/wp\/v2\/comments?post=1049"}],"version-history":[{"count":1,"href":"https:\/\/omegle.love\/pt-br\/wp-json\/wp\/v2\/pages\/1049\/revisions"}],"predecessor-version":[{"id":1050,"href":"https:\/\/omegle.love\/pt-br\/wp-json\/wp\/v2\/pages\/1049\/revisions\/1050"}],"wp:attachment":[{"href":"https:\/\/omegle.love\/pt-br\/wp-json\/wp\/v2\/media?parent=1049"}],"curies":[{"name":"wp","href":"https:\/\/api.w.org\/{rel}","templated":true}]}}