{"id":1051,"date":"2020-04-25T11:31:52","date_gmt":"2020-04-25T11:31:52","guid":{"rendered":"https:\/\/omegle.love\/omegle-web\/"},"modified":"2022-05-23T20:41:55","modified_gmt":"2022-05-23T20:41:55","slug":"omegle-web","status":"publish","type":"page","link":"https:\/\/omegle.love\/it\/omegle-web\/","title":{"rendered":"Omegle-Web"},"content":{"rendered":"\t\t<div data-elementor-type=\"wp-page\" data-elementor-id=\"1051\" class=\"elementor elementor-1051 elementor-10\" data-elementor-post-type=\"page\">\n\t\t\t\t\t\t<section class=\"elementor-section elementor-top-section elementor-element elementor-element-432a9a77 elementor-section-boxed elementor-section-height-default elementor-section-height-default\" data-id=\"432a9a77\" data-element_type=\"section\">\n\t\t\t\t\t\t<div class=\"elementor-container elementor-column-gap-default\">\n\t\t\t\t\t<div class=\"elementor-column elementor-col-100 elementor-top-column elementor-element elementor-element-1f3bf187\" data-id=\"1f3bf187\" data-element_type=\"column\">\n\t\t\t<div class=\"elementor-widget-wrap elementor-element-populated\">\n\t\t\t\t\t\t<div class=\"elementor-element elementor-element-33996560 elementor-widget elementor-widget-text-editor\" data-id=\"33996560\" data-element_type=\"widget\" data-widget_type=\"text-editor.default\">\n\t\t\t\t<div class=\"elementor-widget-container\">\n\t\t\t<style>\/*! elementor - v3.21.0 - 08-05-2024 *\/\n.elementor-widget-text-editor.elementor-drop-cap-view-stacked .elementor-drop-cap{background-color:#69727d;color:#fff}.elementor-widget-text-editor.elementor-drop-cap-view-framed .elementor-drop-cap{color:#69727d;border:3px solid;background-color:transparent}.elementor-widget-text-editor:not(.elementor-drop-cap-view-default) .elementor-drop-cap{margin-top:8px}.elementor-widget-text-editor:not(.elementor-drop-cap-view-default) .elementor-drop-cap-letter{width:1em;height:1em}.elementor-widget-text-editor .elementor-drop-cap{float:left;text-align:center;line-height:1;font-size:50px}.elementor-widget-text-editor .elementor-drop-cap-letter{display:inline-block}<\/style>\t\t\t\t<img fetchpriority=\"high\" decoding=\"async\" class=\"aligncenter\" src=\"https:\/\/i0.wp.com\/azar.pro\/wp-content\/uploads\/2020\/06\/123.jpg?resize=800%2C560&#038;ssl=1\" alt=\"Omegle Azar-Web\" width=\"800\" height=\"560\"  data-recalc-dims=\"1\">\n\n&nbsp;\n<h1 style=\"text-align: center;\">Omegle &#8211; Scopri e connettiti a nuove persone<\/h1>\n<p style=\"text-align: center;\">App Web come Azar Dating<\/p>\n<p style=\"text-align: center;\">\n\n<button href=\"#chat\" type=\"button\" class=\"action-button btn-chat\" action=\"2\">Avvia la chat video<\/button>\n<\/p>\nLa vita senza video chat \u00e8 considerata una farsa dai millennial. Tuttavia, con l&#8217;introduzione delle <span style=\"color: #808080;\">\n  <a style=\"color: #808080;\" href=\"https:\/\/omegle.webcam\/videochat.php\" target=\"_blank\" rel=\"noopener\">chat video<\/a>\n<\/span> da parte dei siti di chat, il passatempo di numerose persone in tutto il mondo ruota attorno a loro. Tra un numero enorme di siti di chat online, \u00e8 necessario selezionare un fantastico sito di chat come Omegle-Web. Questo sito di chat, le persone trovano quasi perfetto per le loro esigenze di chat e appuntamenti.\n<h2>App di chat e il loro impatto<\/h2>\nLe interazioni tra gli utenti attraverso le app di chat hanno guadagnato un&#8217;immensa popolarit\u00e0, soprattutto dopo l&#8217;introduzione delle app mobili. Le persone si divertono a chattare con gli utenti casuali globali presenti sul sito. Inoltre, sono in grado di connettersi per la condivisione di file, chat di testo, chat video e molti altri motivi interessanti.\n<h2>Caratteristiche di <a href=\"https:\/\/omegle.love\/it\/\">Omegle<\/a><\/h2>\nIl principale sito di chat Omegle connette il mondo con te e offre persone casuali sulla sua piattaforma per chattare. Questo sito ti consente di condividere reciprocamente su di te e conoscere anche culture e persone diverse da tutto il mondo. Questo incredibile sito di chat ha pi\u00f9 funzionalit\u00e0 che puoi utilizzare e divertirti completamente.\n<ul>\n \t<li>Attraverso le videochiamate in diretta, puoi incontrare e chattare con alcune persone globali straordinarie.<\/li>\n \t<li>Scegli il paese e il sesso di tua scelta per iniziare a chattare con loro.<\/li>\n \t<li>Gli adesivi di riconoscimento facciale e gli effetti del costume aggiungono divertimento alla tua chat.<\/li>\n \t<li>Ogni giorno aggiungi nuove persone entusiasmanti alla tua lista di amici e rendi la tua vita ancora pi\u00f9 vivace.<\/li>\n \t<li>Porta i tuoi vecchi amici sul posto per inviare e ricevere chiamate e messaggi.<\/li>\n \t<li>Le lingue straniere non sono una sfida, in quanto ora puoi avere traduzioni di chat dal vivo.<\/li>\n<\/ul>\n<h2>Divertimento con Omegle-Web<\/h2>\nIl sito di chat ti facilita l&#8217;incontro con un nuovo utente, ogni volta che scorri qualcuno di nuovo. Tutti gli utenti di Omegle possono godere di chat video e vocali gratuite online anche sulla connessione Internet pi\u00f9 lenta. Se stai cercando immagini e videochiamate HD ininterrotte, rapide e sorprendenti, sei qui per le giuste ragioni. Questo \u00e8 uno dei pi\u00f9 grandi siti di chat, senza carenza di giovani entusiasti, in cerca di divertimento. Se hai intenzione di incontrare la tua chat o il tuo partner di appuntamenti, sei nel posto giusto. Questo \u00e8 il miglior sito per incontrare donne, con loro puoi connetterti in qualsiasi momento perch\u00e9 il mondo non dorme mai. In questo sito, puoi avere molti strumenti e idee per rendere memorabile la tua chat e la tua esperienza di appuntamenti.\n<ul>\n \t<li>Idee di rompighiaccio.<\/li>\n \t<li>Puoi divertirti con azioni, costumi e filtri.<\/li>\n \t<li>Nessun momento imbarazzante per te.<\/li>\n \t<li>Nulla ostacola le tue interazioni e le chat video.<\/li>\n \t<li>Libert\u00e0 con tempo, distanza o lingua in quanto puoi avere una funzione di traduzione istantanea di voce e testo.<\/li>\n<\/ul>\n<h2>Scheda informativa<\/h2>\nPuoi avere accesso alle persone per chattare da 190 paesi in tutto il mondo. Omegle \u00e8 accessibile con Google Play Store in oltre 130 paesi. Questo si vanta di fare pi\u00f9 di 20 miliardi di partite e ha reso la chat online un grande business per tutti. \u00c8 anche noto per avere oltre 100 milioni di download in tutto il mondo.\n<h2>Avvia chat su Omegle<\/h2>\nIl modo migliore per utilizzare Omegle \u00e8 <a href=\"https:\/\/omegle.love\/download-app\/\">scaricare<\/a> da Google Play Store o App Store o <a href=\"https:\/\/omglz.com\" target=\"_blank\" rel=\"noopener\">Omglz.com<\/a> . Puoi avere una divertente struttura di chat di alta qualit\u00e0. Vai alla home page e controlla le opzioni che il sito chiederebbe, come donne o uomini che preferiresti incontrare. Quindi, il sito chiederebbe di abilitare il microfono e la fotocamera per abilitare le chat video su Omegle-Web. Successivamente, \u00e8 necessario accedere con Facebook o Google per godere di un&#8217;esperienza straordinaria. Quando ci\u00f2 fosse fatto, ti chiederebbero di iscriverti compilando un paio di altre domande come il tuo sesso e l&#8217;anno di nascita. Poi avresti un messaggio di benvenuto e via per un divertimento inimmaginabile. Scopri nuove fantastiche persone da tutto il mondo e divertiti davvero con Omegle.\t\t\t\t\t\t<\/div>\n\t\t\t\t<\/div>\n\t\t\t\t\t<\/div>\n\t\t<\/div>\n\t\t\t\t\t<\/div>\n\t\t<\/section>\n\t\t\t\t<\/div>\n\t\t","protected":false},"excerpt":{"rendered":"<p>&nbsp; Omegle &#8211; Scopri e connettiti a nuove persone App Web come Azar Dating Avvia la chat video La vita senza video chat \u00e8 considerata una farsa dai millennial. Tuttavia, con l&#8217;introduzione delle chat video da parte dei siti di chat, il passatempo di numerose persone in tutto il mondo ruota attorno a loro. Tra [&hellip;]<\/p>\n","protected":false},"author":1,"featured_media":0,"parent":0,"menu_order":0,"comment_status":"closed","ping_status":"closed","template":"","meta":{"footnotes":""},"jetpack_sharing_enabled":true,"_links":{"self":[{"href":"https:\/\/omegle.love\/it\/wp-json\/wp\/v2\/pages\/1051"}],"collection":[{"href":"https:\/\/omegle.love\/it\/wp-json\/wp\/v2\/pages"}],"about":[{"href":"https:\/\/omegle.love\/it\/wp-json\/wp\/v2\/types\/page"}],"author":[{"embeddable":true,"href":"https:\/\/omegle.love\/it\/wp-json\/wp\/v2\/users\/1"}],"replies":[{"embeddable":true,"href":"https:\/\/omegle.love\/it\/wp-json\/wp\/v2\/comments?post=1051"}],"version-history":[{"count":1,"href":"https:\/\/omegle.love\/it\/wp-json\/wp\/v2\/pages\/1051\/revisions"}],"predecessor-version":[{"id":1052,"href":"https:\/\/omegle.love\/it\/wp-json\/wp\/v2\/pages\/1051\/revisions\/1052"}],"wp:attachment":[{"href":"https:\/\/omegle.love\/it\/wp-json\/wp\/v2\/media?parent=1051"}],"curies":[{"name":"wp","href":"https:\/\/api.w.org\/{rel}","templated":true}]}}