{"id":1055,"date":"2020-04-25T11:31:52","date_gmt":"2020-04-25T11:31:52","guid":{"rendered":"https:\/\/omegle.love\/omegle-web\/"},"modified":"2022-05-23T20:47:03","modified_gmt":"2022-05-23T20:47:03","slug":"omegle-web","status":"publish","type":"page","link":"https:\/\/omegle.love\/fr\/omegle-web\/","title":{"rendered":"Omegle-Web"},"content":{"rendered":"\t\t<div data-elementor-type=\"wp-page\" data-elementor-id=\"1055\" class=\"elementor elementor-1055 elementor-10\" data-elementor-post-type=\"page\">\n\t\t\t\t\t\t<section class=\"elementor-section elementor-top-section elementor-element elementor-element-432a9a77 elementor-section-boxed elementor-section-height-default elementor-section-height-default\" data-id=\"432a9a77\" data-element_type=\"section\">\n\t\t\t\t\t\t<div class=\"elementor-container elementor-column-gap-default\">\n\t\t\t\t\t<div class=\"elementor-column elementor-col-100 elementor-top-column elementor-element elementor-element-1f3bf187\" data-id=\"1f3bf187\" data-element_type=\"column\">\n\t\t\t<div class=\"elementor-widget-wrap elementor-element-populated\">\n\t\t\t\t\t\t<div class=\"elementor-element elementor-element-33996560 elementor-widget elementor-widget-text-editor\" data-id=\"33996560\" data-element_type=\"widget\" data-widget_type=\"text-editor.default\">\n\t\t\t\t<div class=\"elementor-widget-container\">\n\t\t\t<style>\/*! elementor - v3.21.0 - 08-05-2024 *\/\n.elementor-widget-text-editor.elementor-drop-cap-view-stacked .elementor-drop-cap{background-color:#69727d;color:#fff}.elementor-widget-text-editor.elementor-drop-cap-view-framed .elementor-drop-cap{color:#69727d;border:3px solid;background-color:transparent}.elementor-widget-text-editor:not(.elementor-drop-cap-view-default) .elementor-drop-cap{margin-top:8px}.elementor-widget-text-editor:not(.elementor-drop-cap-view-default) .elementor-drop-cap-letter{width:1em;height:1em}.elementor-widget-text-editor .elementor-drop-cap{float:left;text-align:center;line-height:1;font-size:50px}.elementor-widget-text-editor .elementor-drop-cap-letter{display:inline-block}<\/style>\t\t\t\t<img fetchpriority=\"high\" decoding=\"async\" class=\"aligncenter\" src=\"https:\/\/i0.wp.com\/azar.pro\/wp-content\/uploads\/2020\/06\/123.jpg?resize=800%2C560&#038;ssl=1\" alt=\"Omegle Azar-Web\" width=\"800\" height=\"560\"  data-recalc-dims=\"1\">\n\n&nbsp;\n<h1 style=\"text-align: center;\">Omegle &#8211; D\u00e9couvrez et connectez-vous \u00e0 de nouvelles personnes<\/h1>\n<p style=\"text-align: center;\">Application Web comme Azar Dating<\/p>\n<p style=\"text-align: center;\">\n\n<button href=\"#chat\" type=\"button\" class=\"action-button btn-chat\" action=\"2\">D\u00e9marrer le chat vid\u00e9o<\/button>\n<\/p>\nLa vie sans chat vid\u00e9o est consid\u00e9r\u00e9e comme une farce par les mill\u00e9niaux. Cependant, avec l\u2019introduction des <span style=\"color: #808080;\">\n  <a style=\"color: #808080;\" href=\"https:\/\/omegle.webcam\/videochat.php\" target=\"_blank\" rel=\"noopener\">chats vid\u00e9o par les<\/a>\n<\/span> sites de chat, le passe-temps de nombreuses personnes dans le monde tourne autour d\u2019eux. Parmi un grand nombre de sites de chat en ligne, vous devez s\u00e9lectionner un site de chat incroyable comme Omegle-Web. Ce site de chat, les gens trouvent presque parfait pour leurs besoins de chat et de rencontres.\n<h2>Les applications de chat et leur impact<\/h2>\nLes interactions entre les utilisateurs via les applications de chat ont acquis une immense popularit\u00e9, plus encore apr\u00e8s l\u2019introduction des applications mobiles. Les gens s\u2019amusent \u00e0 discuter avec les utilisateurs al\u00e9atoires mondiaux pr\u00e9sents sur le site. En outre, ils sont capables de se connecter pour le partage de fichiers, les chats texte, les chats vid\u00e9o et de nombreuses autres raisons passionnantes.\n<h2>Caract\u00e9ristiques de <a href=\"https:\/\/omegle.love\/fr\/\">Omegle<\/a><\/h2>\nLe principal site de chat Omegle connecte le monde avec vous et propose des personnes al\u00e9atoires sur sa plate-forme pour les chats. Ce site vous permet de partager mutuellement sur vous-m\u00eame et d\u2019en apprendre davantage sur diff\u00e9rentes cultures et personnes du monde entier. Cet incroyable site de chat a de multiples fonctionnalit\u00e9s que vous pouvez utiliser et vous amuser compl\u00e8tement.\n<ul>\n \t<li>Gr\u00e2ce \u00e0 des appels vid\u00e9o en direct, vous pouvez rencontrer et discuter avec des personnes du monde entier incroyables.<\/li>\n \t<li>Choisissez le pays et le sexe de votre choix pour commencer \u00e0 discuter avec eux.<\/li>\n \t<li>Les autocollants de reconnaissance faciale et les effets de costume ajoutent du plaisir \u00e0 votre discussion.<\/li>\n \t<li>Chaque jour, ajoutez de nouvelles personnes passionnantes \u00e0 votre liste d\u2019amis et rendez votre vie encore plus anim\u00e9e.<\/li>\n \t<li>Demandez \u00e0 vos anciens amis sur place d\u2019envoyer et de recevoir des appels et des messages.<\/li>\n \t<li>Les langues \u00e9trang\u00e8res ne sont pas un d\u00e9fi, car vous pouvez maintenant avoir des traductions par chat en direct.<\/li>\n<\/ul>\n<h2>Fun-Time avec Omegle-Web<\/h2>\nLe site de chat vous permet de rencontrer un nouvel utilisateur, chaque fois que vous glissez quelqu\u2019un de nouveau. Tous les utilisateurs d\u2019Omegle peuvent profiter de discussions vid\u00e9o et vocales gratuites en ligne, m\u00eame sur la connexion Internet la plus lente. Si vous recherchez des visuels et des appels vid\u00e9o HD ininterrompus, rapides et \u00e9tonnants, vous \u00eates ici pour les bonnes raisons. C\u2019est l\u2019un des plus grands sites de chat, sans p\u00e9nurie de jeunes enthousiastes, \u00e0 la recherche de plaisir. Si vous avez l\u2019intention de rencontrer votre partenaire de chat ou de rendez-vous, vous \u00eates au bon endroit. C\u2019est le meilleur site pour rencontrer des femmes, avec elles, vous pouvez vous connecter \u00e0 tout moment car le monde ne dort jamais. Sur ce site, vous pouvez avoir de nombreux outils et id\u00e9es pour rendre votre exp\u00e9rience de chat et de rendez-vous m\u00e9morable.\n<ul>\n \t<li>Id\u00e9es de brise-glace.<\/li>\n \t<li>Vous pouvez vous amuser avec des actions, des costumes et des filtres.<\/li>\n \t<li>Pas de moment g\u00eanant pour vous.<\/li>\n \t<li>Rien n\u2019entrave vos interactions et votre chat vid\u00e9o.<\/li>\n \t<li>Libert\u00e9 avec le temps, la distance ou la langue car vous pouvez avoir une fonction de traduction vocale et textuelle instantan\u00e9e.<\/li>\n<\/ul>\n<h2>Fiche d\u2019information<\/h2>\nVous pouvez avoir acc\u00e8s aux personnes pour discuter de 190 pays \u00e0 travers le monde. Omegle est accessible avec Google Play Store dans plus de 130 pays. Cela se vante de faire plus de 20 milliards de correspondances et a fait du chat en ligne une grande entreprise pour tous. Il est \u00e9galement connu pour avoir plus de 100 millions de t\u00e9l\u00e9chargements dans le monde entier.\n<h2>D\u00e9marrer les chats sur Omegle<\/h2>\nLa meilleure fa\u00e7on d\u2019utiliser Omegle est <a href=\"https:\/\/omegle.love\/download-app\/\">de t\u00e9l\u00e9charger<\/a> \u00e0 partir de Google Play Store ou App Store ou <a href=\"https:\/\/omglz.com\" target=\"_blank\" rel=\"noopener\">Omglz.com<\/a> . Vous pouvez avoir une installation de chat de haute qualit\u00e9 remplie de plaisir. Allez sur la page d\u2019accueil et v\u00e9rifiez les options que le site demanderait, telles que les femmes ou les hommes que vous pr\u00e9f\u00e9reriez rencontrer. Ensuite, le site demanderait d\u2019activer le microphone et la cam\u00e9ra pour activer les chats vid\u00e9o sur Omegle-Web. Ensuite, vous devez vous connecter avec Facebook ou Google pour profiter d\u2019une exp\u00e9rience incroyable. Lorsque cela est fait, ils vous demandent de vous inscrire en remplissant quelques questions suppl\u00e9mentaires comme votre sexe et votre ann\u00e9e de naissance. Ensuite, vous auriez un message de bienvenue et c\u2019est parti pour un moment de plaisir inimaginable. D\u00e9couvrez de nouvelles personnes incroyables du monde entier et amusez-vous vraiment avec Omegle.\t\t\t\t\t\t<\/div>\n\t\t\t\t<\/div>\n\t\t\t\t\t<\/div>\n\t\t<\/div>\n\t\t\t\t\t<\/div>\n\t\t<\/section>\n\t\t\t\t<\/div>\n\t\t","protected":false},"excerpt":{"rendered":"<p>&nbsp; Omegle &#8211; D\u00e9couvrez et connectez-vous \u00e0 de nouvelles personnes Application Web comme Azar Dating D\u00e9marrer le chat vid\u00e9o La vie sans chat vid\u00e9o est consid\u00e9r\u00e9e comme une farce par les mill\u00e9niaux. Cependant, avec l\u2019introduction des chats vid\u00e9o par les sites de chat, le passe-temps de nombreuses personnes dans le monde tourne autour d\u2019eux. Parmi [&hellip;]<\/p>\n","protected":false},"author":1,"featured_media":0,"parent":0,"menu_order":0,"comment_status":"closed","ping_status":"closed","template":"","meta":{"footnotes":""},"jetpack_sharing_enabled":true,"_links":{"self":[{"href":"https:\/\/omegle.love\/fr\/wp-json\/wp\/v2\/pages\/1055"}],"collection":[{"href":"https:\/\/omegle.love\/fr\/wp-json\/wp\/v2\/pages"}],"about":[{"href":"https:\/\/omegle.love\/fr\/wp-json\/wp\/v2\/types\/page"}],"author":[{"embeddable":true,"href":"https:\/\/omegle.love\/fr\/wp-json\/wp\/v2\/users\/1"}],"replies":[{"embeddable":true,"href":"https:\/\/omegle.love\/fr\/wp-json\/wp\/v2\/comments?post=1055"}],"version-history":[{"count":1,"href":"https:\/\/omegle.love\/fr\/wp-json\/wp\/v2\/pages\/1055\/revisions"}],"predecessor-version":[{"id":1056,"href":"https:\/\/omegle.love\/fr\/wp-json\/wp\/v2\/pages\/1055\/revisions\/1056"}],"wp:attachment":[{"href":"https:\/\/omegle.love\/fr\/wp-json\/wp\/v2\/media?parent=1055"}],"curies":[{"name":"wp","href":"https:\/\/api.w.org\/{rel}","templated":true}]}}