{"id":945,"date":"2020-04-25T11:31:52","date_gmt":"2020-04-25T11:31:52","guid":{"rendered":"https:\/\/omegle.love\/omegle-web\/"},"modified":"2022-05-23T20:50:11","modified_gmt":"2022-05-23T20:50:11","slug":"omegle-web","status":"publish","type":"page","link":"https:\/\/omegle.love\/es\/omegle-web\/","title":{"rendered":"Omegle-Web"},"content":{"rendered":"\t\t<div data-elementor-type=\"wp-page\" data-elementor-id=\"945\" class=\"elementor elementor-945 elementor-10\" data-elementor-post-type=\"page\">\n\t\t\t\t\t\t<section class=\"elementor-section elementor-top-section elementor-element elementor-element-432a9a77 elementor-section-boxed elementor-section-height-default elementor-section-height-default\" data-id=\"432a9a77\" data-element_type=\"section\">\n\t\t\t\t\t\t<div class=\"elementor-container elementor-column-gap-default\">\n\t\t\t\t\t<div class=\"elementor-column elementor-col-100 elementor-top-column elementor-element elementor-element-1f3bf187\" data-id=\"1f3bf187\" data-element_type=\"column\">\n\t\t\t<div class=\"elementor-widget-wrap elementor-element-populated\">\n\t\t\t\t\t\t<div class=\"elementor-element elementor-element-33996560 elementor-widget elementor-widget-text-editor\" data-id=\"33996560\" data-element_type=\"widget\" data-widget_type=\"text-editor.default\">\n\t\t\t\t<div class=\"elementor-widget-container\">\n\t\t\t<style>\/*! elementor - v3.21.0 - 08-05-2024 *\/\n.elementor-widget-text-editor.elementor-drop-cap-view-stacked .elementor-drop-cap{background-color:#69727d;color:#fff}.elementor-widget-text-editor.elementor-drop-cap-view-framed .elementor-drop-cap{color:#69727d;border:3px solid;background-color:transparent}.elementor-widget-text-editor:not(.elementor-drop-cap-view-default) .elementor-drop-cap{margin-top:8px}.elementor-widget-text-editor:not(.elementor-drop-cap-view-default) .elementor-drop-cap-letter{width:1em;height:1em}.elementor-widget-text-editor .elementor-drop-cap{float:left;text-align:center;line-height:1;font-size:50px}.elementor-widget-text-editor .elementor-drop-cap-letter{display:inline-block}<\/style>\t\t\t\t<img fetchpriority=\"high\" decoding=\"async\" class=\"aligncenter\" src=\"https:\/\/i0.wp.com\/azar.pro\/wp-content\/uploads\/2020\/06\/123.jpg?resize=800%2C560&#038;ssl=1\" alt=\"Omegle Azar-Web\" width=\"800\" height=\"560\"  data-recalc-dims=\"1\">\n\n&nbsp;\n<h1 style=\"text-align: center;\">Omegle &#8211; Descubre y Con\u00e9ctate con Nuevas Personas<\/h1>\n<p style=\"text-align: center;\">Aplicaci\u00f3n web como Azar Dating<\/p>\n<p style=\"text-align: center;\">\n\n<button href=\"#chat\" type=\"button\" class=\"action-button btn-chat\" action=\"2\">Iniciar videochat<\/button>\n<\/p>\nLa vida sin videollamadas es considerada una farsa por los millennials. Sin embargo, con la introducci\u00f3n de <span style=\"color: #808080;\"><a style=\"color: #808080;\" href=\"https:\/\/omegle.webcam\/videochat.php\" target=\"_blank\" rel=\"noopener\">los chats de video<\/a><\/span> por parte de los sitios de chat, el pasatiempo de muchas personas en todo el mundo gira en torno a ellos. De la gran cantidad de sitios de chat en l\u00ednea, debe seleccionar un sitio de chat incre\u00edble como Omegle-Web. Este sitio de chat, la gente lo encuentra casi perfecto para sus necesidades de chat y citas.\n<h2>Aplicaciones de chat y su impacto<\/h2>\nLas interacciones entre los usuarios a trav\u00e9s de las aplicaciones de Chat han ganado una inmensa popularidad, m\u00e1s a\u00fan despu\u00e9s de la introducci\u00f3n de las aplicaciones m\u00f3viles. La gente se divierte chateando con los usuarios aleatorios globales presentes en el sitio. Adem\u00e1s, pueden conectarse para compartir archivos, chats de texto, chats de video y muchas otras razones interesantes.\n<h2>Caracter\u00edsticas de <a href=\"https:\/\/omegle.love\">Omegle<\/a><\/h2>\nEl sitio de chat l\u00edder, Omegle, conecta al mundo contigo y ofrece personas aleatorias en su plataforma para chatear. Este sitio le permite compartir mutuamente sobre usted y aprender sobre diferentes culturas y personas de todo el mundo tambi\u00e9n. Este incre\u00edble sitio de chat tiene m\u00faltiples funciones que puedes usar y divertirte por completo.\n<ul>\n \t<li>A trav\u00e9s de videollamadas en vivo, puede conocer y chatear con algunas personas incre\u00edbles de todo el mundo.<\/li>\n \t<li>Elija el pa\u00eds y el g\u00e9nero de su elecci\u00f3n para comenzar a chatear con ellos.<\/li>\n \t<li>Las pegatinas de reconocimiento facial y los efectos de vestuario agregan diversi\u00f3n a su chat.<\/li>\n \t<li>Todos los d\u00edas agregue nuevas personas interesantes a su lista de amigos y haga que su vida sea a\u00fan m\u00e1s emocionante.<\/li>\n \t<li>Re\u00fana a sus viejos amigos para enviar y recibir llamadas y mensajes.<\/li>\n \t<li>Los idiomas extranjeros no son un desaf\u00edo, ya que ahora puede tener traducciones de chat en vivo.<\/li>\n<\/ul>\n<h2>Tiempo de diversi\u00f3n con Omegle-Web<\/h2>\nEl sitio de chat le facilita conocer a un nuevo usuario, cada vez que desliza a alguien nuevo. Todos los usuarios de Omegle pueden disfrutar de chats de voz y video gratuitos en l\u00ednea, incluso con la conexi\u00f3n a Internet m\u00e1s lenta. Si est\u00e1 buscando im\u00e1genes y videollamadas HD ininterrumpidas, r\u00e1pidas y sorprendentes, est\u00e1 aqu\u00ed por las razones correctas. Este es uno de los sitios de chat m\u00e1s grandes, con muchos j\u00f3venes entusiastas que buscan diversi\u00f3n. Si tiene la intenci\u00f3n de conocer a su compa\u00f1ero de chat o cita, est\u00e1 en el lugar correcto. Este es el mejor sitio para conocer mujeres, con ellas puedes conectarte en cualquier momento porque el mundo nunca duerme. En este sitio, puede tener muchas herramientas e ideas para hacer que su experiencia de chat y cita sea memorable.\n<ul>\n \t<li>Ideas de rompehielos.<\/li>\n \t<li>Puedes divertirte con Acciones, Disfraces y Filtros.<\/li>\n \t<li>Ning\u00fan momento inc\u00f3modo para ti.<\/li>\n \t<li>Nada obstaculiza tus interacciones y chats de video.<\/li>\n \t<li>Libertad con el tiempo, la distancia o el idioma, ya que puede tener una funci\u00f3n de traducci\u00f3n instant\u00e1nea de voz y texto.<\/li>\n<\/ul>\n<h2>Hecho de archivo<\/h2>\nPuede tener acceso a las personas para chatear desde 190 pa\u00edses en todo el mundo. Se puede acceder a Omegle con Google Play Store en m\u00e1s de 130 pa\u00edses. Esto se jacta de hacer m\u00e1s de 20 mil millones de coincidencias y ha hecho que el chat en l\u00ednea sea un gran negocio para todos. Tambi\u00e9n se sabe que tiene m\u00e1s de 100 millones de descargas en todo el mundo.\n<h2>Iniciar chats en Omegle<\/h2>\nLa mejor manera de usar Omegle es <a href=\"https:\/\/omegle.love\/download-app\/\">descarg\u00e1ndolo<\/a> desde Google Play Store, App Store u <a href=\"https:\/\/omglz.com\" target=\"_blank\" rel=\"noopener\">Omglz.com<\/a> . Puede tener un servicio de chat de alta calidad lleno de diversi\u00f3n. Vaya a la p\u00e1gina de inicio y verifique las opciones que le pedir\u00e1 el sitio, como mujeres u hombres que le gustar\u00eda conocer. Luego, el sitio solicitar\u00eda habilitar el micr\u00f3fono y la c\u00e1mara para habilitar los chats de video en Omegle-Web. A continuaci\u00f3n, debe iniciar sesi\u00f3n con Facebook o Google para disfrutar de una experiencia incre\u00edble. Cuando haya terminado, le pedir\u00e1n que se registre completando un par de consultas m\u00e1s, como su sexo y a\u00f1o de nacimiento. Luego, recibir\u00e1 un mensaje de bienvenida y se pondr\u00e1 en marcha para disfrutar de un momento de diversi\u00f3n inimaginable. Descubre nuevas personas incre\u00edbles de todo el mundo y divi\u00e9rtete con Omegle.\t\t\t\t\t\t<\/div>\n\t\t\t\t<\/div>\n\t\t\t\t\t<\/div>\n\t\t<\/div>\n\t\t\t\t\t<\/div>\n\t\t<\/section>\n\t\t\t\t<\/div>\n\t\t","protected":false},"excerpt":{"rendered":"<p>&nbsp; Omegle &#8211; Descubre y Con\u00e9ctate con Nuevas Personas Aplicaci\u00f3n web como Azar Dating Iniciar videochat La vida sin videollamadas es considerada una farsa por los millennials. Sin embargo, con la introducci\u00f3n de los chats de video por parte de los sitios de chat, el pasatiempo de muchas personas en todo el mundo gira en [&hellip;]<\/p>\n","protected":false},"author":1,"featured_media":0,"parent":0,"menu_order":0,"comment_status":"closed","ping_status":"closed","template":"","meta":{"footnotes":""},"jetpack_sharing_enabled":true,"_links":{"self":[{"href":"https:\/\/omegle.love\/es\/wp-json\/wp\/v2\/pages\/945"}],"collection":[{"href":"https:\/\/omegle.love\/es\/wp-json\/wp\/v2\/pages"}],"about":[{"href":"https:\/\/omegle.love\/es\/wp-json\/wp\/v2\/types\/page"}],"author":[{"embeddable":true,"href":"https:\/\/omegle.love\/es\/wp-json\/wp\/v2\/users\/1"}],"replies":[{"embeddable":true,"href":"https:\/\/omegle.love\/es\/wp-json\/wp\/v2\/comments?post=945"}],"version-history":[{"count":3,"href":"https:\/\/omegle.love\/es\/wp-json\/wp\/v2\/pages\/945\/revisions"}],"predecessor-version":[{"id":1058,"href":"https:\/\/omegle.love\/es\/wp-json\/wp\/v2\/pages\/945\/revisions\/1058"}],"wp:attachment":[{"href":"https:\/\/omegle.love\/es\/wp-json\/wp\/v2\/media?parent=945"}],"curies":[{"name":"wp","href":"https:\/\/api.w.org\/{rel}","templated":true}]}}