{"id":1053,"date":"2020-04-25T11:31:52","date_gmt":"2020-04-25T11:31:52","guid":{"rendered":"https:\/\/omegle.love\/omegle-web\/"},"modified":"2022-05-23T20:44:47","modified_gmt":"2022-05-23T20:44:47","slug":"omegle-web","status":"publish","type":"page","link":"https:\/\/omegle.love\/de\/omegle-web\/","title":{"rendered":"Omegle-Web"},"content":{"rendered":"\t\t<div data-elementor-type=\"wp-page\" data-elementor-id=\"1053\" class=\"elementor elementor-1053 elementor-10\" data-elementor-post-type=\"page\">\n\t\t\t\t\t\t<section class=\"elementor-section elementor-top-section elementor-element elementor-element-432a9a77 elementor-section-boxed elementor-section-height-default elementor-section-height-default\" data-id=\"432a9a77\" data-element_type=\"section\">\n\t\t\t\t\t\t<div class=\"elementor-container elementor-column-gap-default\">\n\t\t\t\t\t<div class=\"elementor-column elementor-col-100 elementor-top-column elementor-element elementor-element-1f3bf187\" data-id=\"1f3bf187\" data-element_type=\"column\">\n\t\t\t<div class=\"elementor-widget-wrap elementor-element-populated\">\n\t\t\t\t\t\t<div class=\"elementor-element elementor-element-33996560 elementor-widget elementor-widget-text-editor\" data-id=\"33996560\" data-element_type=\"widget\" data-widget_type=\"text-editor.default\">\n\t\t\t\t<div class=\"elementor-widget-container\">\n\t\t\t<style>\/*! elementor - v3.21.0 - 08-05-2024 *\/\n.elementor-widget-text-editor.elementor-drop-cap-view-stacked .elementor-drop-cap{background-color:#69727d;color:#fff}.elementor-widget-text-editor.elementor-drop-cap-view-framed .elementor-drop-cap{color:#69727d;border:3px solid;background-color:transparent}.elementor-widget-text-editor:not(.elementor-drop-cap-view-default) .elementor-drop-cap{margin-top:8px}.elementor-widget-text-editor:not(.elementor-drop-cap-view-default) .elementor-drop-cap-letter{width:1em;height:1em}.elementor-widget-text-editor .elementor-drop-cap{float:left;text-align:center;line-height:1;font-size:50px}.elementor-widget-text-editor .elementor-drop-cap-letter{display:inline-block}<\/style>\t\t\t\t<img fetchpriority=\"high\" decoding=\"async\" class=\"aligncenter\" src=\"https:\/\/i0.wp.com\/azar.pro\/wp-content\/uploads\/2020\/06\/123.jpg?resize=800%2C560&#038;ssl=1\" alt=\"Omegle Azar-Web\" width=\"800\" height=\"560\"  data-recalc-dims=\"1\">\n\n&nbsp;\n<h1 style=\"text-align: center;\">Omegle &#8211; Entdecke und verbinde dich mit neuen Leuten<\/h1>\n<p style=\"text-align: center;\">Web-App wie Azar Dating<\/p>\n<p style=\"text-align: center;\">\n\n<button href=\"#chat\" type=\"button\" class=\"action-button btn-chat\" action=\"2\">Video-Chat starten<\/button>\n<\/p>\nDas Leben ohne Video-Chat wird von den Millennials als Farce angesehen. Mit der Einf\u00fchrung von <span style=\"color: #808080;\">\n  <a style=\"color: #808080;\" href=\"https:\/\/omegle.webcam\/videochat.php\" target=\"_blank\" rel=\"noopener\">Video-Chats durch Chat-Sites<\/a>\n<\/span> dreht sich jedoch der Zeitvertreib zahlreicher Menschen weltweit um sie. Aus einer gro\u00dfen Anzahl von Online-Chat-Sites m\u00fcssen Sie eine erstaunliche Chat-Site wie Omegle-Web ausw\u00e4hlen. Diese Chat-Site finden die Leute fast perfekt f\u00fcr ihre Chat- und Dating-Bed\u00fcrfnisse.\n<h2>Chat-Apps und ihre Auswirkungen<\/h2>\nInteraktionen zwischen Benutzern \u00fcber Chat-Apps haben immense Popularit\u00e4t erlangt, insbesondere nach der Einf\u00fchrung mobiler Apps. Die Leute haben Spa\u00df beim Chatten mit den globalen zuf\u00e4lligen Benutzern, die vor Ort anwesend sind. Au\u00dferdem sind sie in der Lage, sich f\u00fcr Dateifreigaben, Text-Chats, Video-Chats und viele andere aufregende Gr\u00fcnde zu verbinden.\n<h2>Eigenschaften von <a href=\"https:\/\/omegle.love\/de\/\">Omegle<\/a><\/h2>\nDie f\u00fchrende Chat-Site Omegle verbindet die Welt mit Ihnen und bietet zuf\u00e4lligen Personen auf ihrer Plattform Chats an. Diese Website erm\u00f6glicht es Ihnen, sich gegenseitig \u00fcber sich selbst auszutauschen und etwas \u00fcber verschiedene Kulturen und Menschen aus der ganzen Welt zu erfahren. Diese unglaubliche Chat-Site verf\u00fcgt \u00fcber mehrere Funktionen, die Sie verwenden und Spa\u00df haben k\u00f6nnen.\n<ul>\n \t<li>Durch Live-Videoanrufe k\u00f6nnen Sie einige erstaunliche globale Menschen treffen und mit ihnen chatten.<\/li>\n \t<li>W\u00e4hlen Sie das Land und das Geschlecht Ihrer Wahl, um mit ihnen zu chatten.<\/li>\n \t<li>Gesichtserkennungsaufkleber und Kost\u00fcmeffekte sorgen f\u00fcr Spa\u00df beim Chatten.<\/li>\n \t<li>F\u00fcgen Sie jeden Tag aufregende neue Leute zu Ihrer Freundesliste hinzu und machen Sie Ihr Leben noch mehr m\u00f6glich.<\/li>\n \t<li>Holen Sie sich Ihre alten Freunde vor Ort, um Anrufe und Nachrichten zu senden und zu empfangen.<\/li>\n \t<li>Fremdsprachen sind keine Herausforderung, da Sie jetzt Live-Chat-\u00dcbersetzungen haben k\u00f6nnen.<\/li>\n<\/ul>\n<h2>Fun-Time mit Omegle-Web<\/h2>\nDie Chat-Site erleichtert es Ihnen, einen neuen Benutzer zu treffen, jedes Mal, wenn Sie jemanden neu streichen. Alle Omegle-Benutzer k\u00f6nnen kostenlose Video- und Voice-Chats online genie\u00dfen, selbst auf der langsamsten Internetverbindung. Wenn Sie nach unterbrechungsfreien, schnellen und erstaunlichen HD-Bildern und Videoanrufen suchen, sind Sie aus den richtigen Gr\u00fcnden hier. Dies ist eine der gr\u00f6\u00dften Chat-Seiten, ohne Mangel an begeisterten Jugendlichen, die Spa\u00df suchen. Wenn Sie beabsichtigen, Ihren Chat- oder Date-Partner zu treffen, sind Sie hier genau richtig. Dies ist der beste Ort, um Frauen zu treffen, mit ihnen k\u00f6nnen Sie sich jederzeit verbinden, weil die Welt niemals schl\u00e4ft. Auf dieser Website k\u00f6nnen Sie viele Tools und Ideen haben, um Ihren Chat und Ihr Date unvergesslich zu machen.\n<ul>\n \t<li>Ideen von Eisbrechern.<\/li>\n \t<li>Sie k\u00f6nnen Spa\u00df mit Aktionen, Kost\u00fcmen und Filtern haben.<\/li>\n \t<li>Kein unangenehmer Moment f\u00fcr dich.<\/li>\n \t<li>Nichts behindert Ihre Interaktionen und Video-Chats.<\/li>\n \t<li>Freiheit mit Zeit, Entfernung oder Sprache, da Sie sofortige Sprach- und Text\u00fcbersetzungsfunktionen haben k\u00f6nnen.<\/li>\n<\/ul>\n<h2>Faktendatei<\/h2>\nSie k\u00f6nnen auf die Personen zugreifen, die aus 190 L\u00e4ndern weltweit chatten. Omegle ist mit dem Google Play Store in \u00fcber 130+ L\u00e4ndern zug\u00e4nglich. Dies r\u00fchmt sich, mehr als 20 Milliarden \u00dcbereinstimmungen zu machen und hat Online-Chat zu einem gro\u00dfen Gesch\u00e4ft f\u00fcr alle gemacht. Es ist auch bekannt, dass es weltweit \u00fcber 100 Millionen Downloads hat.\n<h2>Starten Sie Chats auf Omegle<\/h2>\nDer beste Weg, Omegle zu verwenden, ist das <a href=\"https:\/\/omegle.love\/download-app\/\">Herunterladen<\/a> aus dem Google Play Store oder App Store oder <a href=\"https:\/\/omglz.com\" target=\"_blank\" rel=\"noopener\">Omglz.com<\/a> . Sie k\u00f6nnen eine unterhaltsame, qualitativ hochwertige Chat-Funktion haben. Gehen Sie zur Homepage und suchen Sie nach den Optionen, die die Website fragen w\u00fcrde, z. B. Frauen oder M\u00e4nner, die Sie lieber treffen w\u00fcrden. Dann w\u00fcrde die Website darum bitten, das Mikrofon und die Kamera zu aktivieren, um Video-Chats auf Omegle-Web zu aktivieren. Als n\u00e4chstes m\u00fcssen Sie sich mit Facebook oder Google anmelden, um eine erstaunliche Erfahrung zu genie\u00dfen. Wenn das erledigt ist, w\u00fcrden sie Sie bitten, sich anzumelden, indem Sie ein paar weitere Fragen wie Ihr Geschlecht und Ihr Geburtsjahr ausf\u00fcllen. Dann haben Sie eine Willkommensnachricht und los geht&#8217;s f\u00fcr unvorstellbaren Spa\u00df. Entdecke erstaunliche neue Leute aus der ganzen Welt und habe eine wirklich lustige Zeit mit Omegle.\t\t\t\t\t\t<\/div>\n\t\t\t\t<\/div>\n\t\t\t\t\t<\/div>\n\t\t<\/div>\n\t\t\t\t\t<\/div>\n\t\t<\/section>\n\t\t\t\t<\/div>\n\t\t","protected":false},"excerpt":{"rendered":"<p>&nbsp; Omegle &#8211; Entdecke und verbinde dich mit neuen Leuten Web-App wie Azar Dating Video-Chat starten Das Leben ohne Video-Chat wird von den Millennials als Farce angesehen. Mit der Einf\u00fchrung von Video-Chats durch Chat-Sites dreht sich jedoch der Zeitvertreib zahlreicher Menschen weltweit um sie. Aus einer gro\u00dfen Anzahl von Online-Chat-Sites m\u00fcssen Sie eine erstaunliche Chat-Site [&hellip;]<\/p>\n","protected":false},"author":1,"featured_media":0,"parent":0,"menu_order":0,"comment_status":"closed","ping_status":"closed","template":"","meta":{"footnotes":""},"jetpack_sharing_enabled":true,"_links":{"self":[{"href":"https:\/\/omegle.love\/de\/wp-json\/wp\/v2\/pages\/1053"}],"collection":[{"href":"https:\/\/omegle.love\/de\/wp-json\/wp\/v2\/pages"}],"about":[{"href":"https:\/\/omegle.love\/de\/wp-json\/wp\/v2\/types\/page"}],"author":[{"embeddable":true,"href":"https:\/\/omegle.love\/de\/wp-json\/wp\/v2\/users\/1"}],"replies":[{"embeddable":true,"href":"https:\/\/omegle.love\/de\/wp-json\/wp\/v2\/comments?post=1053"}],"version-history":[{"count":1,"href":"https:\/\/omegle.love\/de\/wp-json\/wp\/v2\/pages\/1053\/revisions"}],"predecessor-version":[{"id":1054,"href":"https:\/\/omegle.love\/de\/wp-json\/wp\/v2\/pages\/1053\/revisions\/1054"}],"wp:attachment":[{"href":"https:\/\/omegle.love\/de\/wp-json\/wp\/v2\/media?parent=1053"}],"curies":[{"name":"wp","href":"https:\/\/api.w.org\/{rel}","templated":true}]}}